{"id":9,"date":"2022-10-08T17:21:13","date_gmt":"2022-10-08T15:21:13","guid":{"rendered":"https:\/\/porkbelly.sk\/?page_id=9"},"modified":"2022-11-04T18:08:46","modified_gmt":"2022-11-04T17:08:46","slug":"moj-ucet","status":"publish","type":"page","link":"https:\/\/porkbelly.sk\/en\/moj-ucet\/","title":{"rendered":"My Account"},"content":{"rendered":"<div data-elementor-type=\"wp-page\" data-elementor-id=\"9\" class=\"elementor elementor-9\" data-elementor-post-type=\"page\">\n\t\t\t\t\t\t<section class=\"elementor-section elementor-top-section elementor-element elementor-element-b8f29b2 elementor-section-boxed elementor-section-height-default elementor-section-height-default\" data-id=\"b8f29b2\" data-element_type=\"section\">\n\t\t\t\t\t\t<div class=\"elementor-container elementor-column-gap-default\">\n\t\t\t\t\t<div class=\"elementor-column elementor-col-100 elementor-top-column elementor-element elementor-element-7052f4b\" data-id=\"7052f4b\" data-element_type=\"column\">\n\t\t\t<div class=\"elementor-widget-wrap elementor-element-populated\">\n\t\t\t\t\t\t<div class=\"elementor-element elementor-element-07c036f elementor-widget elementor-widget-spacer\" data-id=\"07c036f\" data-element_type=\"widget\" data-widget_type=\"spacer.default\">\n\t\t\t\t<div class=\"elementor-widget-container\">\n\t\t\t<style>\/*! elementor - v3.20.0 - 26-03-2024 *\/\n.elementor-column .elementor-spacer-inner{height:var(--spacer-size)}.e-con{--container-widget-width:100%}.e-con-inner>.elementor-widget-spacer,.e-con>.elementor-widget-spacer{width:var(--container-widget-width,var(--spacer-size));--align-self:var(--container-widget-align-self,initial);--flex-shrink:0}.e-con-inner>.elementor-widget-spacer>.elementor-widget-container,.e-con>.elementor-widget-spacer>.elementor-widget-container{height:100%;width:100%}.e-con-inner>.elementor-widget-spacer>.elementor-widget-container>.elementor-spacer,.e-con>.elementor-widget-spacer>.elementor-widget-container>.elementor-spacer{height:100%}.e-con-inner>.elementor-widget-spacer>.elementor-widget-container>.elementor-spacer>.elementor-spacer-inner,.e-con>.elementor-widget-spacer>.elementor-widget-container>.elementor-spacer>.elementor-spacer-inner{height:var(--container-widget-height,var(--spacer-size))}.e-con-inner>.elementor-widget-spacer.elementor-widget-empty,.e-con>.elementor-widget-spacer.elementor-widget-empty{position:relative;min-height:22px;min-width:22px}.e-con-inner>.elementor-widget-spacer.elementor-widget-empty .elementor-widget-empty-icon,.e-con>.elementor-widget-spacer.elementor-widget-empty .elementor-widget-empty-icon{position:absolute;top:0;bottom:0;left:0;right:0;margin:auto;padding:0;width:22px;height:22px}<\/style>\t\t<div class=\"elementor-spacer\">\n\t\t\t<div class=\"elementor-spacer-inner\"><\/div>\n\t\t<\/div>\n\t\t\t\t<\/div>\n\t\t\t\t<\/div>\n\t\t\t\t\t<\/div>\n\t\t<\/div>\n\t\t\t\t\t<\/div>\n\t\t<\/section>\n\t\t\t\t<section class=\"elementor-section elementor-top-section elementor-element elementor-element-a2124d5 elementor-section-boxed elementor-section-height-default elementor-section-height-default\" data-id=\"a2124d5\" data-element_type=\"section\">\n\t\t\t\t\t\t<div class=\"elementor-container elementor-column-gap-default\">\n\t\t\t\t\t<div class=\"elementor-column elementor-col-100 elementor-top-column elementor-element elementor-element-ffc4f56\" data-id=\"ffc4f56\" data-element_type=\"column\">\n\t\t\t<div class=\"elementor-widget-wrap elementor-element-populated\">\n\t\t\t\t\t\t<section class=\"elementor-section elementor-inner-section elementor-element elementor-element-c8f2dc9 elementor-section-boxed elementor-section-height-default elementor-section-height-default\" data-id=\"c8f2dc9\" data-element_type=\"section\">\n\t\t\t\t\t\t<div class=\"elementor-container elementor-column-gap-default\">\n\t\t\t\t\t<div class=\"elementor-column elementor-col-100 elementor-inner-column elementor-element elementor-element-9687711\" data-id=\"9687711\" data-element_type=\"column\">\n\t\t\t<div class=\"elementor-widget-wrap elementor-element-populated\">\n\t\t\t\t\t\t<div class=\"elementor-element elementor-element-3824506 elementor-widget elementor-widget-text-editor\" data-id=\"3824506\" data-element_type=\"widget\" data-widget_type=\"text-editor.default\">\n\t\t\t\t<div class=\"elementor-widget-container\">\n\t\t\t<style>\/*! elementor - v3.20.0 - 26-03-2024 *\/\n.elementor-widget-text-editor.elementor-drop-cap-view-stacked .elementor-drop-cap{background-color:#69727d;color:#fff}.elementor-widget-text-editor.elementor-drop-cap-view-framed .elementor-drop-cap{color:#69727d;border:3px solid;background-color:transparent}.elementor-widget-text-editor:not(.elementor-drop-cap-view-default) .elementor-drop-cap{margin-top:8px}.elementor-widget-text-editor:not(.elementor-drop-cap-view-default) .elementor-drop-cap-letter{width:1em;height:1em}.elementor-widget-text-editor .elementor-drop-cap{float:left;text-align:center;line-height:1;font-size:50px}.elementor-widget-text-editor .elementor-drop-cap-letter{display:inline-block}<\/style>\t\t\t\t<p><strong>Log in<\/strong> and <strong>register<\/strong> is currently only used to receive news and updates from our website.<br><br><strong>Ordering<\/strong> <strong>system<\/strong> will be added in the future.<\/p>\t\t\t\t\t\t<\/div>\n\t\t\t\t<\/div>\n\t\t\t\t\t<\/div>\n\t\t<\/div>\n\t\t\t\t\t<\/div>\n\t\t<\/section>\n\t\t\t\t\t<\/div>\n\t\t<\/div>\n\t\t\t\t\t<\/div>\n\t\t<\/section>\n\t\t\t\t<section class=\"elementor-section elementor-top-section elementor-element elementor-element-53b833e telo elementor-section-boxed elementor-section-height-default elementor-section-height-default\" data-id=\"53b833e\" data-element_type=\"section\">\n\t\t\t\t\t\t<div class=\"elementor-container elementor-column-gap-default\">\n\t\t\t\t\t<div class=\"elementor-column elementor-col-100 elementor-top-column elementor-element elementor-element-172e0ee\" data-id=\"172e0ee\" data-element_type=\"column\">\n\t\t\t<div class=\"elementor-widget-wrap elementor-element-populated\">\n\t\t\t\t\t\t<div class=\"elementor-element elementor-element-cc54743 elementor-widget elementor-widget-shortcode\" data-id=\"cc54743\" data-element_type=\"widget\" data-widget_type=\"shortcode.default\">\n\t\t\t\t<div class=\"elementor-widget-container\">\n\t\t\t\t\t<div class=\"elementor-shortcode\">[logged_user]<\/div>\n\t\t\t\t<\/div>\n\t\t\t\t<\/div>\n\t\t\t\t<section class=\"elementor-section elementor-inner-section elementor-element elementor-element-032c92e elementor-section-boxed elementor-section-height-default elementor-section-height-default\" data-id=\"032c92e\" data-element_type=\"section\">\n\t\t\t\t\t\t<div class=\"elementor-container elementor-column-gap-default\">\n\t\t\t\t\t<div class=\"elementor-column elementor-col-33 elementor-inner-column elementor-element elementor-element-2500bf2\" data-id=\"2500bf2\" data-element_type=\"column\">\n\t\t\t<div class=\"elementor-widget-wrap elementor-element-populated\">\n\t\t\t\t\t\t<div class=\"elementor-element elementor-element-91cd2c6 panel_text elementor-view-default elementor-position-top elementor-mobile-position-top elementor-widget elementor-widget-icon-box\" data-id=\"91cd2c6\" data-element_type=\"widget\" data-widget_type=\"icon-box.default\">\n\t\t\t\t<div class=\"elementor-widget-container\">\n\t\t\t<link rel=\"stylesheet\" href=\"http:\/\/porkbelly.sk\/wp-content\/plugins\/elementor\/assets\/css\/widget-icon-box.min.css\">\t\t<div class=\"elementor-icon-box-wrapper\">\n\t\t\t\t\t\t<div class=\"elementor-icon-box-icon\">\n\t\t\t\t<a href=\"https:\/\/porkbelly.sk\/en\/moj-ucet\/orders\" class=\"elementor-icon elementor-animation-grow\" tabindex=\"-1\">\n\t\t\t\t<i aria-hidden=\"true\" class=\"fas fa-shopping-basket\"><\/i>\t\t\t\t<\/a>\n\t\t\t<\/div>\n\t\t\t\t\t\t<div class=\"elementor-icon-box-content\">\n\t\t\t\t<h3 class=\"elementor-icon-box-title\">\n\t\t\t\t\t<a href=\"https:\/\/porkbelly.sk\/en\/moj-ucet\/orders\" >\n\t\t\t\t\t\tOrders\t\t\t\t\t<\/a>\n\t\t\t\t<\/h3>\n\t\t\t\t\t\t\t<\/div>\n\t\t<\/div>\n\t\t\t\t<\/div>\n\t\t\t\t<\/div>\n\t\t\t\t\t<\/div>\n\t\t<\/div>\n\t\t\t\t<div class=\"elementor-column elementor-col-33 elementor-inner-column elementor-element elementor-element-5bb5236\" data-id=\"5bb5236\" data-element_type=\"column\">\n\t\t\t<div class=\"elementor-widget-wrap elementor-element-populated\">\n\t\t\t\t\t\t<div class=\"elementor-element elementor-element-f51358e panel_text elementor-view-default elementor-position-top elementor-mobile-position-top elementor-widget elementor-widget-icon-box\" data-id=\"f51358e\" data-element_type=\"widget\" data-widget_type=\"icon-box.default\">\n\t\t\t\t<div class=\"elementor-widget-container\">\n\t\t\t\t\t<div class=\"elementor-icon-box-wrapper\">\n\t\t\t\t\t\t<div class=\"elementor-icon-box-icon\">\n\t\t\t\t<a href=\"https:\/\/porkbelly.sk\/en\/moj-ucet\/edit-account\" class=\"elementor-icon elementor-animation-grow\" tabindex=\"-1\">\n\t\t\t\t<i aria-hidden=\"true\" class=\"fas fa-user-edit\"><\/i>\t\t\t\t<\/a>\n\t\t\t<\/div>\n\t\t\t\t\t\t<div class=\"elementor-icon-box-content\">\n\t\t\t\t<h3 class=\"elementor-icon-box-title\">\n\t\t\t\t\t<a href=\"https:\/\/porkbelly.sk\/en\/moj-ucet\/edit-account\" >\n\t\t\t\t\t\tAccount edit\t\t\t\t\t<\/a>\n\t\t\t\t<\/h3>\n\t\t\t\t\t\t\t<\/div>\n\t\t<\/div>\n\t\t\t\t<\/div>\n\t\t\t\t<\/div>\n\t\t\t\t\t<\/div>\n\t\t<\/div>\n\t\t\t\t<div class=\"elementor-column elementor-col-33 elementor-inner-column elementor-element elementor-element-a53ccb9\" data-id=\"a53ccb9\" data-element_type=\"column\">\n\t\t\t<div class=\"elementor-widget-wrap elementor-element-populated\">\n\t\t\t\t\t\t<div class=\"elementor-element elementor-element-9e9417d panel_text elementor-view-default elementor-position-top elementor-mobile-position-top elementor-widget elementor-widget-icon-box\" data-id=\"9e9417d\" data-element_type=\"widget\" data-widget_type=\"icon-box.default\">\n\t\t\t\t<div class=\"elementor-widget-container\">\n\t\t\t\t\t<div class=\"elementor-icon-box-wrapper\">\n\t\t\t\t\t\t<div class=\"elementor-icon-box-icon\">\n\t\t\t\t<a href=\"https:\/\/porkbelly.sk\/en\/moj-ucet\/customer-logout\" class=\"elementor-icon elementor-animation-grow\" tabindex=\"-1\">\n\t\t\t\t<i aria-hidden=\"true\" class=\"far fa-window-close\"><\/i>\t\t\t\t<\/a>\n\t\t\t<\/div>\n\t\t\t\t\t\t<div class=\"elementor-icon-box-content\">\n\t\t\t\t<h3 class=\"elementor-icon-box-title\">\n\t\t\t\t\t<a href=\"https:\/\/porkbelly.sk\/en\/moj-ucet\/customer-logout\" >\n\t\t\t\t\t\tLogout\t\t\t\t\t<\/a>\n\t\t\t\t<\/h3>\n\t\t\t\t\t\t\t<\/div>\n\t\t<\/div>\n\t\t\t\t<\/div>\n\t\t\t\t<\/div>\n\t\t\t\t\t<\/div>\n\t\t<\/div>\n\t\t\t\t\t<\/div>\n\t\t<\/section>\n\t\t\t\t<section class=\"elementor-section elementor-inner-section elementor-element elementor-element-41c5f8c elementor-section-boxed elementor-section-height-default elementor-section-height-default\" data-id=\"41c5f8c\" data-element_type=\"section\">\n\t\t\t\t\t\t<div class=\"elementor-container elementor-column-gap-default\">\n\t\t\t\t\t<div class=\"elementor-column elementor-col-100 elementor-inner-column elementor-element elementor-element-a4a935a\" data-id=\"a4a935a\" data-element_type=\"column\">\n\t\t\t<div class=\"elementor-widget-wrap elementor-element-populated\">\n\t\t\t\t\t\t<div class=\"elementor-element elementor-element-1c510c3 elementor-widget elementor-widget-text-editor\" data-id=\"1c510c3\" data-element_type=\"widget\" data-widget_type=\"text-editor.default\">\n\t\t\t\t<div class=\"elementor-widget-container\">\n\t\t\t\t\t\t\t<p>Here you can <strong>edit your account<\/strong>, see previous <strong>orders<\/strong> or <strong>log out<\/strong> via icons.<\/p>\t\t\t\t\t\t<\/div>\n\t\t\t\t<\/div>\n\t\t\t\t\t<\/div>\n\t\t<\/div>\n\t\t\t\t\t<\/div>\n\t\t<\/section>\n\t\t\t\t\t<\/div>\n\t\t<\/div>\n\t\t\t\t\t<\/div>\n\t\t<\/section>\n\t\t\t\t<section class=\"elementor-section elementor-top-section elementor-element elementor-element-f41bbc1 elementor-section-boxed elementor-section-height-default elementor-section-height-default\" data-id=\"f41bbc1\" data-element_type=\"section\">\n\t\t\t\t\t\t<div class=\"elementor-container elementor-column-gap-default\">\n\t\t\t\t\t<div class=\"elementor-column elementor-col-100 elementor-top-column elementor-element elementor-element-14c136b\" data-id=\"14c136b\" data-element_type=\"column\">\n\t\t\t<div class=\"elementor-widget-wrap elementor-element-populated\">\n\t\t\t\t\t\t<div class=\"elementor-element elementor-element-2a1ce47 elementor-widget elementor-widget-wc-elements\" data-id=\"2a1ce47\" data-element_type=\"widget\" data-widget_type=\"wc-elements.default\">\n\t\t\t\t<div class=\"elementor-widget-container\">\n\t\t\t<link rel=\"stylesheet\" href=\"http:\/\/porkbelly.sk\/wp-content\/plugins\/elementor-pro\/assets\/css\/widget-woocommerce.min.css\"><div class=\"woocommerce\"><\/div>\t\t<\/div>\n\t\t\t\t<\/div>\n\t\t\t\t\t<\/div>\n\t\t<\/div>\n\t\t\t\t\t<\/div>\n\t\t<\/section>\n\t\t\t\t<\/div>","protected":false},"excerpt":{"rendered":"<p>Prihl\u00e1senie a registr\u00e1cia moment\u00e1lne sl\u00fa\u017ei iba na dost\u00e1vanie noviniek a aktualiz\u00e1ci\u00ed z na\u0161ej str\u00e1nky. Objedn\u00e1vac\u00ed syst\u00e9m bude v bud\u00facnosti doroben\u00fd. [logged_user] Obejdn\u00e1vky Upravenie \u00fa\u010dtu Odhl\u00e1senie Na tejto str\u00e1nke si m\u00f4\u017eete upravova\u0165 svoj \u00fa\u010det, prezera\u0165 predo\u0161l\u00e9 objedn\u00e1vky alebo sa odhl\u00e1si\u0165 ikonami vy\u0161\u0161ie.<\/p>","protected":false},"author":3,"featured_media":0,"parent":0,"menu_order":0,"comment_status":"closed","ping_status":"closed","template":"elementor_header_footer","meta":{"_monsterinsights_skip_tracking":false,"_monsterinsights_sitenote_active":false,"_monsterinsights_sitenote_note":"","_monsterinsights_sitenote_category":0,"_themeisle_gutenberg_block_has_review":false,"footnotes":""},"yoast_head":"<!-- This site is optimized with the Yoast SEO plugin v23.1 - https:\/\/yoast.com\/wordpress\/plugins\/seo\/ -->\n<title>M\u00f4j \u00fa\u010det - Porkbelly<\/title>\n<meta name=\"description\" content=\"Vytvorenie \u00fa\u010dtu na str\u00e1nke re\u0161taur\u00e1cie PorkBelly pre bud\u00face objedn\u00e1vanie jed\u00e1l a z\u00edskavanie noviniek o na\u0161ej re\u0161taur\u00e1ci\u00ed.\" \/>\n<meta name=\"robots\" content=\"index, follow, max-snippet:-1, max-image-preview:large, max-video-preview:-1\" \/>\n<link rel=\"canonical\" href=\"https:\/\/porkbelly.sk\/en\/moj-ucet\/\" \/>\n<meta property=\"og:locale\" content=\"en_US\" \/>\n<meta property=\"og:type\" content=\"article\" \/>\n<meta property=\"og:title\" content=\"M\u00f4j \u00fa\u010det - Porkbelly\" \/>\n<meta property=\"og:description\" content=\"Vytvorenie \u00fa\u010dtu na str\u00e1nke re\u0161taur\u00e1cie PorkBelly pre bud\u00face objedn\u00e1vanie jed\u00e1l a z\u00edskavanie noviniek o na\u0161ej re\u0161taur\u00e1ci\u00ed.\" \/>\n<meta property=\"og:url\" content=\"https:\/\/porkbelly.sk\/en\/moj-ucet\/\" \/>\n<meta property=\"og:site_name\" content=\"Porkbelly\" \/>\n<meta property=\"article:publisher\" content=\"https:\/\/www.facebook.com\/PorkbellyBulvar\/\" \/>\n<meta property=\"article:modified_time\" content=\"2022-11-04T17:08:46+00:00\" \/>\n<meta name=\"twitter:card\" content=\"summary_large_image\" \/>\n<meta name=\"twitter:label1\" content=\"Est. reading time\" \/>\n\t<meta name=\"twitter:data1\" content=\"1 minute\" \/>\n<script type=\"application\/ld+json\" class=\"yoast-schema-graph\">{\"@context\":\"https:\/\/schema.org\",\"@graph\":[{\"@type\":\"WebPage\",\"@id\":\"https:\/\/porkbelly.sk\/moj-ucet\/\",\"url\":\"https:\/\/porkbelly.sk\/moj-ucet\/\",\"name\":\"M\u00f4j \u00fa\u010det - Porkbelly\",\"isPartOf\":{\"@id\":\"https:\/\/porkbelly.sk\/#website\"},\"datePublished\":\"2022-10-08T15:21:13+00:00\",\"dateModified\":\"2022-11-04T17:08:46+00:00\",\"description\":\"Vytvorenie \u00fa\u010dtu na str\u00e1nke re\u0161taur\u00e1cie PorkBelly pre bud\u00face objedn\u00e1vanie jed\u00e1l a z\u00edskavanie noviniek o na\u0161ej re\u0161taur\u00e1ci\u00ed.\",\"breadcrumb\":{\"@id\":\"https:\/\/porkbelly.sk\/moj-ucet\/#breadcrumb\"},\"inLanguage\":\"en-US\",\"potentialAction\":[{\"@type\":\"ReadAction\",\"target\":[\"https:\/\/porkbelly.sk\/moj-ucet\/\"]}]},{\"@type\":\"BreadcrumbList\",\"@id\":\"https:\/\/porkbelly.sk\/moj-ucet\/#breadcrumb\",\"itemListElement\":[{\"@type\":\"ListItem\",\"position\":1,\"name\":\"Domovsk\u00e1 str\u00e1nka\",\"item\":\"https:\/\/porkbelly.sk\/\"},{\"@type\":\"ListItem\",\"position\":2,\"name\":\"M\u00f4j \u00fa\u010det\"}]},{\"@type\":\"WebSite\",\"@id\":\"https:\/\/porkbelly.sk\/#website\",\"url\":\"https:\/\/porkbelly.sk\/\",\"name\":\"Porkbelly\",\"description\":\"\",\"publisher\":{\"@id\":\"https:\/\/porkbelly.sk\/#organization\"},\"potentialAction\":[{\"@type\":\"SearchAction\",\"target\":{\"@type\":\"EntryPoint\",\"urlTemplate\":\"https:\/\/porkbelly.sk\/?s={search_term_string}\"},\"query-input\":\"required name=search_term_string\"}],\"inLanguage\":\"en-US\"},{\"@type\":\"Organization\",\"@id\":\"https:\/\/porkbelly.sk\/#organization\",\"name\":\"Porkbelly\",\"url\":\"https:\/\/porkbelly.sk\/\",\"logo\":{\"@type\":\"ImageObject\",\"inLanguage\":\"en-US\",\"@id\":\"https:\/\/porkbelly.sk\/#\/schema\/logo\/image\/\",\"url\":\"https:\/\/porkbelly.sk\/wp-content\/uploads\/2022\/10\/IMG_0796-1.jpeg\",\"contentUrl\":\"https:\/\/porkbelly.sk\/wp-content\/uploads\/2022\/10\/IMG_0796-1.jpeg\",\"width\":1823,\"height\":834,\"caption\":\"Porkbelly\"},\"image\":{\"@id\":\"https:\/\/porkbelly.sk\/#\/schema\/logo\/image\/\"},\"sameAs\":[\"https:\/\/www.facebook.com\/PorkbellyBulvar\/\",\"https:\/\/www.instagram.com\/porkbellyzilina\/\"]}]}<\/script>\n<!-- \/ Yoast SEO plugin. -->","yoast_head_json":{"title":"M\u00f4j \u00fa\u010det - Porkbelly","description":"Vytvorenie \u00fa\u010dtu na str\u00e1nke re\u0161taur\u00e1cie PorkBelly pre bud\u00face objedn\u00e1vanie jed\u00e1l a z\u00edskavanie noviniek o na\u0161ej re\u0161taur\u00e1ci\u00ed.","robots":{"index":"index","follow":"follow","max-snippet":"max-snippet:-1","max-image-preview":"max-image-preview:large","max-video-preview":"max-video-preview:-1"},"canonical":"https:\/\/porkbelly.sk\/en\/moj-ucet\/","og_locale":"en_US","og_type":"article","og_title":"M\u00f4j \u00fa\u010det - Porkbelly","og_description":"Vytvorenie \u00fa\u010dtu na str\u00e1nke re\u0161taur\u00e1cie PorkBelly pre bud\u00face objedn\u00e1vanie jed\u00e1l a z\u00edskavanie noviniek o na\u0161ej re\u0161taur\u00e1ci\u00ed.","og_url":"https:\/\/porkbelly.sk\/en\/moj-ucet\/","og_site_name":"Porkbelly","article_publisher":"https:\/\/www.facebook.com\/PorkbellyBulvar\/","article_modified_time":"2022-11-04T17:08:46+00:00","twitter_card":"summary_large_image","twitter_misc":{"Est. reading time":"1 minute"},"schema":{"@context":"https:\/\/schema.org","@graph":[{"@type":"WebPage","@id":"https:\/\/porkbelly.sk\/moj-ucet\/","url":"https:\/\/porkbelly.sk\/moj-ucet\/","name":"M\u00f4j \u00fa\u010det - Porkbelly","isPartOf":{"@id":"https:\/\/porkbelly.sk\/#website"},"datePublished":"2022-10-08T15:21:13+00:00","dateModified":"2022-11-04T17:08:46+00:00","description":"Vytvorenie \u00fa\u010dtu na str\u00e1nke re\u0161taur\u00e1cie PorkBelly pre bud\u00face objedn\u00e1vanie jed\u00e1l a z\u00edskavanie noviniek o na\u0161ej re\u0161taur\u00e1ci\u00ed.","breadcrumb":{"@id":"https:\/\/porkbelly.sk\/moj-ucet\/#breadcrumb"},"inLanguage":"en-US","potentialAction":[{"@type":"ReadAction","target":["https:\/\/porkbelly.sk\/moj-ucet\/"]}]},{"@type":"BreadcrumbList","@id":"https:\/\/porkbelly.sk\/moj-ucet\/#breadcrumb","itemListElement":[{"@type":"ListItem","position":1,"name":"Domovsk\u00e1 str\u00e1nka","item":"https:\/\/porkbelly.sk\/"},{"@type":"ListItem","position":2,"name":"M\u00f4j \u00fa\u010det"}]},{"@type":"WebSite","@id":"https:\/\/porkbelly.sk\/#website","url":"https:\/\/porkbelly.sk\/","name":"Porkbelly","description":"","publisher":{"@id":"https:\/\/porkbelly.sk\/#organization"},"potentialAction":[{"@type":"SearchAction","target":{"@type":"EntryPoint","urlTemplate":"https:\/\/porkbelly.sk\/?s={search_term_string}"},"query-input":"required name=search_term_string"}],"inLanguage":"en-US"},{"@type":"Organization","@id":"https:\/\/porkbelly.sk\/#organization","name":"Porkbelly","url":"https:\/\/porkbelly.sk\/","logo":{"@type":"ImageObject","inLanguage":"en-US","@id":"https:\/\/porkbelly.sk\/#\/schema\/logo\/image\/","url":"https:\/\/porkbelly.sk\/wp-content\/uploads\/2022\/10\/IMG_0796-1.jpeg","contentUrl":"https:\/\/porkbelly.sk\/wp-content\/uploads\/2022\/10\/IMG_0796-1.jpeg","width":1823,"height":834,"caption":"Porkbelly"},"image":{"@id":"https:\/\/porkbelly.sk\/#\/schema\/logo\/image\/"},"sameAs":["https:\/\/www.facebook.com\/PorkbellyBulvar\/","https:\/\/www.instagram.com\/porkbellyzilina\/"]}]}},"_links":{"self":[{"href":"https:\/\/porkbelly.sk\/en\/wp-json\/wp\/v2\/pages\/9"}],"collection":[{"href":"https:\/\/porkbelly.sk\/en\/wp-json\/wp\/v2\/pages"}],"about":[{"href":"https:\/\/porkbelly.sk\/en\/wp-json\/wp\/v2\/types\/page"}],"author":[{"embeddable":true,"href":"https:\/\/porkbelly.sk\/en\/wp-json\/wp\/v2\/users\/3"}],"replies":[{"embeddable":true,"href":"https:\/\/porkbelly.sk\/en\/wp-json\/wp\/v2\/comments?post=9"}],"version-history":[{"count":7,"href":"https:\/\/porkbelly.sk\/en\/wp-json\/wp\/v2\/pages\/9\/revisions"}],"predecessor-version":[{"id":1119,"href":"https:\/\/porkbelly.sk\/en\/wp-json\/wp\/v2\/pages\/9\/revisions\/1119"}],"wp:attachment":[{"href":"https:\/\/porkbelly.sk\/en\/wp-json\/wp\/v2\/media?parent=9"}],"curies":[{"name":"wp","href":"https:\/\/api.w.org\/{rel}","templated":true}]}}