{"id":18,"date":"2022-10-16T18:25:21","date_gmt":"2022-10-16T16:25:21","guid":{"rendered":"https:\/\/porkbelly.sk\/?page_id=18"},"modified":"2022-11-06T18:58:20","modified_gmt":"2022-11-06T17:58:20","slug":"pokrbelly-gastrohouse","status":"publish","type":"page","link":"https:\/\/porkbelly.sk\/en\/","title":{"rendered":"LandingPage"},"content":{"rendered":"<div data-elementor-type=\"wp-page\" data-elementor-id=\"18\" class=\"elementor elementor-18\" data-elementor-post-type=\"page\">\n\t\t\t\t\t\t<section class=\"elementor-section elementor-top-section elementor-element elementor-element-f17ffa6 elementor-section-full_width elementor-section-height-min-height elementor-section-height-default elementor-section-items-middle\" data-id=\"f17ffa6\" data-element_type=\"section\" data-settings=\"{&quot;background_background&quot;:&quot;classic&quot;}\">\n\t\t\t\t\t\t<div class=\"elementor-container elementor-column-gap-default\">\n\t\t\t\t\t<div class=\"elementor-column elementor-col-100 elementor-top-column elementor-element elementor-element-1dfce65\" data-id=\"1dfce65\" data-element_type=\"column\">\n\t\t\t<div class=\"elementor-widget-wrap elementor-element-populated\">\n\t\t\t\t\t\t<section class=\"elementor-section elementor-inner-section elementor-element elementor-element-74e66d3 elementor-section-boxed elementor-section-height-default elementor-section-height-default\" data-id=\"74e66d3\" data-element_type=\"section\">\n\t\t\t\t\t\t<div class=\"elementor-container elementor-column-gap-default\">\n\t\t\t\t\t<div class=\"elementor-column elementor-col-50 elementor-inner-column elementor-element elementor-element-c6c0dc8\" data-id=\"c6c0dc8\" data-element_type=\"column\">\n\t\t\t<div class=\"elementor-widget-wrap elementor-element-populated\">\n\t\t\t\t\t\t<div class=\"elementor-element elementor-element-819b298 elementor-widget elementor-widget-image\" data-id=\"819b298\" data-element_type=\"widget\" data-widget_type=\"image.default\">\n\t\t\t\t<div class=\"elementor-widget-container\">\n\t\t\t<style>\/*! elementor - v3.20.0 - 26-03-2024 *\/\n.elementor-widget-image{text-align:center}.elementor-widget-image a{display:inline-block}.elementor-widget-image a img[src$=\".svg\"]{width:48px}.elementor-widget-image img{vertical-align:middle;display:inline-block}<\/style>\t\t\t\t\t\t\t\t\t\t\t<a href=\"https:\/\/porkbelly.sk\/en\/porkbelly-gastrohouse-home\/\">\n\t\t\t\t\t\t\t<img fetchpriority=\"high\" decoding=\"async\" width=\"1024\" height=\"468\" src=\"https:\/\/porkbelly.sk\/wp-content\/uploads\/2022\/10\/IMG_0796-1024x468.jpeg\" class=\"elementor-animation-float attachment-large size-large wp-image-20\" alt=\"porkbelly\" srcset=\"https:\/\/porkbelly.sk\/wp-content\/uploads\/2022\/10\/IMG_0796-1024x468.jpeg 1024w, https:\/\/porkbelly.sk\/wp-content\/uploads\/2022\/10\/IMG_0796-600x274.jpeg 600w, https:\/\/porkbelly.sk\/wp-content\/uploads\/2022\/10\/IMG_0796-300x137.jpeg 300w, https:\/\/porkbelly.sk\/wp-content\/uploads\/2022\/10\/IMG_0796-768x351.jpeg 768w, https:\/\/porkbelly.sk\/wp-content\/uploads\/2022\/10\/IMG_0796-1536x703.jpeg 1536w, https:\/\/porkbelly.sk\/wp-content\/uploads\/2022\/10\/IMG_0796.jpeg 1823w\" sizes=\"(max-width: 1024px) 100vw, 1024px\" \/>\t\t\t\t\t\t\t\t<\/a>\n\t\t\t\t\t\t\t\t\t\t\t\t\t<\/div>\n\t\t\t\t<\/div>\n\t\t\t\t\t<\/div>\n\t\t<\/div>\n\t\t\t\t<div class=\"elementor-column elementor-col-50 elementor-inner-column elementor-element elementor-element-cb5ad32\" data-id=\"cb5ad32\" data-element_type=\"column\">\n\t\t\t<div class=\"elementor-widget-wrap elementor-element-populated\">\n\t\t\t\t\t\t<div class=\"elementor-element elementor-element-271fb53 elementor-widget elementor-widget-image\" data-id=\"271fb53\" data-element_type=\"widget\" data-widget_type=\"image.default\">\n\t\t\t\t<div class=\"elementor-widget-container\">\n\t\t\t\t\t\t\t\t\t\t\t\t\t\t<a href=\"https:\/\/www.olivias-restaurant.sk\/home\/\">\n\t\t\t\t\t\t\t<img decoding=\"async\" width=\"768\" height=\"351\" src=\"https:\/\/porkbelly.sk\/wp-content\/uploads\/2022\/11\/New-Project-2-768x351.png\" class=\"elementor-animation-float attachment-medium_large size-medium_large wp-image-1088\" alt=\"\" srcset=\"https:\/\/porkbelly.sk\/wp-content\/uploads\/2022\/11\/New-Project-2-768x351.png 768w, https:\/\/porkbelly.sk\/wp-content\/uploads\/2022\/11\/New-Project-2-300x137.png 300w, https:\/\/porkbelly.sk\/wp-content\/uploads\/2022\/11\/New-Project-2-1024x468.png 1024w, https:\/\/porkbelly.sk\/wp-content\/uploads\/2022\/11\/New-Project-2-1536x703.png 1536w, https:\/\/porkbelly.sk\/wp-content\/uploads\/2022\/11\/New-Project-2-18x8.png 18w, https:\/\/porkbelly.sk\/wp-content\/uploads\/2022\/11\/New-Project-2-1x1.png 1w, https:\/\/porkbelly.sk\/wp-content\/uploads\/2022\/11\/New-Project-2-600x274.png 600w, https:\/\/porkbelly.sk\/wp-content\/uploads\/2022\/11\/New-Project-2.png 1823w\" sizes=\"(max-width: 768px) 100vw, 768px\" \/>\t\t\t\t\t\t\t\t<\/a>\n\t\t\t\t\t\t\t\t\t\t\t\t\t<\/div>\n\t\t\t\t<\/div>\n\t\t\t\t\t<\/div>\n\t\t<\/div>\n\t\t\t\t\t<\/div>\n\t\t<\/section>\n\t\t\t\t\t<\/div>\n\t\t<\/div>\n\t\t\t\t\t<\/div>\n\t\t<\/section>\n\t\t\t\t<\/div>","protected":false},"excerpt":{"rendered":"","protected":false},"author":2,"featured_media":0,"parent":0,"menu_order":0,"comment_status":"closed","ping_status":"closed","template":"elementor_canvas","meta":{"_monsterinsights_skip_tracking":false,"_monsterinsights_sitenote_active":false,"_monsterinsights_sitenote_note":"","_monsterinsights_sitenote_category":0,"_themeisle_gutenberg_block_has_review":false,"footnotes":""},"yoast_head":"<!-- This site is optimized with the Yoast SEO plugin v23.1 - https:\/\/yoast.com\/wordpress\/plugins\/seo\/ -->\n<title>Porkbelly Gastrohouse<\/title>\n<meta name=\"description\" content=\"Porkbelly Gastrohouse je novootvoren\u00e1 prev\u00e1dzka s juhoamerickou tex-mex kuchy\u0148ou. Pon\u00fakame burgre, BBQ rebr\u00e1 a mnoho \u010fal\u0161\u00edch \u0161pecial\u00edt.\" \/>\n<meta name=\"robots\" content=\"index, follow, max-snippet:-1, max-image-preview:large, max-video-preview:-1\" \/>\n<link rel=\"canonical\" href=\"https:\/\/porkbelly.sk\/en\/\" \/>\n<meta property=\"og:locale\" content=\"en_US\" \/>\n<meta property=\"og:type\" content=\"article\" \/>\n<meta property=\"og:title\" content=\"Porkbelly Gastrohouse\" \/>\n<meta property=\"og:description\" content=\"Porkbelly Gastrohouse je novootvoren\u00e1 prev\u00e1dzka s juhoamerickou tex-mex kuchy\u0148ou. Pon\u00fakame burgre, BBQ rebr\u00e1 a mnoho \u010fal\u0161\u00edch \u0161pecial\u00edt.\" \/>\n<meta property=\"og:url\" content=\"https:\/\/porkbelly.sk\/en\/\" \/>\n<meta property=\"og:site_name\" content=\"Porkbelly\" \/>\n<meta property=\"article:publisher\" content=\"https:\/\/www.facebook.com\/PorkbellyBulvar\/\" \/>\n<meta property=\"article:modified_time\" content=\"2022-11-06T17:58:20+00:00\" \/>\n<meta property=\"og:image\" content=\"http:\/\/porkbelly.sk\/wp-content\/uploads\/2022\/10\/IMG_0796-1024x468.jpeg\" \/>\n<meta name=\"twitter:card\" content=\"summary_large_image\" \/>\n<meta name=\"twitter:label1\" content=\"Est. reading time\" \/>\n\t<meta name=\"twitter:data1\" content=\"1 minute\" \/>\n<script type=\"application\/ld+json\" class=\"yoast-schema-graph\">{\"@context\":\"https:\/\/schema.org\",\"@graph\":[{\"@type\":\"WebPage\",\"@id\":\"https:\/\/porkbelly.sk\/\",\"url\":\"https:\/\/porkbelly.sk\/\",\"name\":\"Porkbelly Gastrohouse\",\"isPartOf\":{\"@id\":\"https:\/\/porkbelly.sk\/#website\"},\"primaryImageOfPage\":{\"@id\":\"https:\/\/porkbelly.sk\/#primaryimage\"},\"image\":{\"@id\":\"https:\/\/porkbelly.sk\/#primaryimage\"},\"thumbnailUrl\":\"http:\/\/porkbelly.sk\/wp-content\/uploads\/2022\/10\/IMG_0796-1024x468.jpeg\",\"datePublished\":\"2022-10-16T16:25:21+00:00\",\"dateModified\":\"2022-11-06T17:58:20+00:00\",\"description\":\"Porkbelly Gastrohouse je novootvoren\u00e1 prev\u00e1dzka s juhoamerickou tex-mex kuchy\u0148ou. Pon\u00fakame burgre, BBQ rebr\u00e1 a mnoho \u010fal\u0161\u00edch \u0161pecial\u00edt.\",\"breadcrumb\":{\"@id\":\"https:\/\/porkbelly.sk\/#breadcrumb\"},\"inLanguage\":\"en-US\",\"potentialAction\":[{\"@type\":\"ReadAction\",\"target\":[\"https:\/\/porkbelly.sk\/\"]}]},{\"@type\":\"ImageObject\",\"inLanguage\":\"en-US\",\"@id\":\"https:\/\/porkbelly.sk\/#primaryimage\",\"url\":\"http:\/\/porkbelly.sk\/wp-content\/uploads\/2022\/10\/IMG_0796-1024x468.jpeg\",\"contentUrl\":\"http:\/\/porkbelly.sk\/wp-content\/uploads\/2022\/10\/IMG_0796-1024x468.jpeg\"},{\"@type\":\"BreadcrumbList\",\"@id\":\"https:\/\/porkbelly.sk\/#breadcrumb\",\"itemListElement\":[{\"@type\":\"ListItem\",\"position\":1,\"name\":\"Domovsk\u00e1 str\u00e1nka\",\"item\":\"https:\/\/porkbelly.sk\/\"},{\"@type\":\"ListItem\",\"position\":2,\"name\":\"LandingPage\"}]},{\"@type\":\"WebSite\",\"@id\":\"https:\/\/porkbelly.sk\/#website\",\"url\":\"https:\/\/porkbelly.sk\/\",\"name\":\"Porkbelly\",\"description\":\"\",\"publisher\":{\"@id\":\"https:\/\/porkbelly.sk\/#organization\"},\"potentialAction\":[{\"@type\":\"SearchAction\",\"target\":{\"@type\":\"EntryPoint\",\"urlTemplate\":\"https:\/\/porkbelly.sk\/?s={search_term_string}\"},\"query-input\":\"required name=search_term_string\"}],\"inLanguage\":\"en-US\"},{\"@type\":\"Organization\",\"@id\":\"https:\/\/porkbelly.sk\/#organization\",\"name\":\"Porkbelly\",\"url\":\"https:\/\/porkbelly.sk\/\",\"logo\":{\"@type\":\"ImageObject\",\"inLanguage\":\"en-US\",\"@id\":\"https:\/\/porkbelly.sk\/#\/schema\/logo\/image\/\",\"url\":\"https:\/\/porkbelly.sk\/wp-content\/uploads\/2022\/10\/IMG_0796-1.jpeg\",\"contentUrl\":\"https:\/\/porkbelly.sk\/wp-content\/uploads\/2022\/10\/IMG_0796-1.jpeg\",\"width\":1823,\"height\":834,\"caption\":\"Porkbelly\"},\"image\":{\"@id\":\"https:\/\/porkbelly.sk\/#\/schema\/logo\/image\/\"},\"sameAs\":[\"https:\/\/www.facebook.com\/PorkbellyBulvar\/\",\"https:\/\/www.instagram.com\/porkbellyzilina\/\"]}]}<\/script>\n<!-- \/ Yoast SEO plugin. -->","yoast_head_json":{"title":"Porkbelly Gastrohouse","description":"Porkbelly Gastrohouse je novootvoren\u00e1 prev\u00e1dzka s juhoamerickou tex-mex kuchy\u0148ou. Pon\u00fakame burgre, BBQ rebr\u00e1 a mnoho \u010fal\u0161\u00edch \u0161pecial\u00edt.","robots":{"index":"index","follow":"follow","max-snippet":"max-snippet:-1","max-image-preview":"max-image-preview:large","max-video-preview":"max-video-preview:-1"},"canonical":"https:\/\/porkbelly.sk\/en\/","og_locale":"en_US","og_type":"article","og_title":"Porkbelly Gastrohouse","og_description":"Porkbelly Gastrohouse je novootvoren\u00e1 prev\u00e1dzka s juhoamerickou tex-mex kuchy\u0148ou. Pon\u00fakame burgre, BBQ rebr\u00e1 a mnoho \u010fal\u0161\u00edch \u0161pecial\u00edt.","og_url":"https:\/\/porkbelly.sk\/en\/","og_site_name":"Porkbelly","article_publisher":"https:\/\/www.facebook.com\/PorkbellyBulvar\/","article_modified_time":"2022-11-06T17:58:20+00:00","og_image":[{"url":"http:\/\/porkbelly.sk\/wp-content\/uploads\/2022\/10\/IMG_0796-1024x468.jpeg"}],"twitter_card":"summary_large_image","twitter_misc":{"Est. reading time":"1 minute"},"schema":{"@context":"https:\/\/schema.org","@graph":[{"@type":"WebPage","@id":"https:\/\/porkbelly.sk\/","url":"https:\/\/porkbelly.sk\/","name":"Porkbelly Gastrohouse","isPartOf":{"@id":"https:\/\/porkbelly.sk\/#website"},"primaryImageOfPage":{"@id":"https:\/\/porkbelly.sk\/#primaryimage"},"image":{"@id":"https:\/\/porkbelly.sk\/#primaryimage"},"thumbnailUrl":"http:\/\/porkbelly.sk\/wp-content\/uploads\/2022\/10\/IMG_0796-1024x468.jpeg","datePublished":"2022-10-16T16:25:21+00:00","dateModified":"2022-11-06T17:58:20+00:00","description":"Porkbelly Gastrohouse je novootvoren\u00e1 prev\u00e1dzka s juhoamerickou tex-mex kuchy\u0148ou. Pon\u00fakame burgre, BBQ rebr\u00e1 a mnoho \u010fal\u0161\u00edch \u0161pecial\u00edt.","breadcrumb":{"@id":"https:\/\/porkbelly.sk\/#breadcrumb"},"inLanguage":"en-US","potentialAction":[{"@type":"ReadAction","target":["https:\/\/porkbelly.sk\/"]}]},{"@type":"ImageObject","inLanguage":"en-US","@id":"https:\/\/porkbelly.sk\/#primaryimage","url":"http:\/\/porkbelly.sk\/wp-content\/uploads\/2022\/10\/IMG_0796-1024x468.jpeg","contentUrl":"http:\/\/porkbelly.sk\/wp-content\/uploads\/2022\/10\/IMG_0796-1024x468.jpeg"},{"@type":"BreadcrumbList","@id":"https:\/\/porkbelly.sk\/#breadcrumb","itemListElement":[{"@type":"ListItem","position":1,"name":"Domovsk\u00e1 str\u00e1nka","item":"https:\/\/porkbelly.sk\/"},{"@type":"ListItem","position":2,"name":"LandingPage"}]},{"@type":"WebSite","@id":"https:\/\/porkbelly.sk\/#website","url":"https:\/\/porkbelly.sk\/","name":"Porkbelly","description":"","publisher":{"@id":"https:\/\/porkbelly.sk\/#organization"},"potentialAction":[{"@type":"SearchAction","target":{"@type":"EntryPoint","urlTemplate":"https:\/\/porkbelly.sk\/?s={search_term_string}"},"query-input":"required name=search_term_string"}],"inLanguage":"en-US"},{"@type":"Organization","@id":"https:\/\/porkbelly.sk\/#organization","name":"Porkbelly","url":"https:\/\/porkbelly.sk\/","logo":{"@type":"ImageObject","inLanguage":"en-US","@id":"https:\/\/porkbelly.sk\/#\/schema\/logo\/image\/","url":"https:\/\/porkbelly.sk\/wp-content\/uploads\/2022\/10\/IMG_0796-1.jpeg","contentUrl":"https:\/\/porkbelly.sk\/wp-content\/uploads\/2022\/10\/IMG_0796-1.jpeg","width":1823,"height":834,"caption":"Porkbelly"},"image":{"@id":"https:\/\/porkbelly.sk\/#\/schema\/logo\/image\/"},"sameAs":["https:\/\/www.facebook.com\/PorkbellyBulvar\/","https:\/\/www.instagram.com\/porkbellyzilina\/"]}]}},"_links":{"self":[{"href":"https:\/\/porkbelly.sk\/en\/wp-json\/wp\/v2\/pages\/18"}],"collection":[{"href":"https:\/\/porkbelly.sk\/en\/wp-json\/wp\/v2\/pages"}],"about":[{"href":"https:\/\/porkbelly.sk\/en\/wp-json\/wp\/v2\/types\/page"}],"author":[{"embeddable":true,"href":"https:\/\/porkbelly.sk\/en\/wp-json\/wp\/v2\/users\/2"}],"replies":[{"embeddable":true,"href":"https:\/\/porkbelly.sk\/en\/wp-json\/wp\/v2\/comments?post=18"}],"version-history":[{"count":6,"href":"https:\/\/porkbelly.sk\/en\/wp-json\/wp\/v2\/pages\/18\/revisions"}],"predecessor-version":[{"id":1124,"href":"https:\/\/porkbelly.sk\/en\/wp-json\/wp\/v2\/pages\/18\/revisions\/1124"}],"wp:attachment":[{"href":"https:\/\/porkbelly.sk\/en\/wp-json\/wp\/v2\/media?parent=18"}],"curies":[{"name":"wp","href":"https:\/\/api.w.org\/{rel}","templated":true}]}}